{"id":1304,"date":"2025-12-12T15:23:56","date_gmt":"2025-12-12T14:23:56","guid":{"rendered":"https:\/\/thinkgreentechnologies.ch\/disaqua-le-revitalisant-sans-compromis\/"},"modified":"2026-02-11T17:44:44","modified_gmt":"2026-02-11T16:44:44","slug":"disaqua-le-revitalisant-sans-compromis","status":"publish","type":"page","link":"https:\/\/thinkgreentechnologies.ch\/fr\/disaqua-le-revitalisant-sans-compromis\/","title":{"rendered":"disAqua, le revitalisant sans compromis"},"content":{"rendered":"<section class=\"l-section wpb_row height_auto width_full\"><div class=\"l-section-h i-cf\"><div class=\"g-cols vc_row via_grid cols_1 laptops-cols_inherit tablets-cols_inherit mobiles-cols_1 valign_top type_default stacking_default\"><div class=\"wpb_column vc_column_container\"><div class=\"vc_column-inner\">\n\t\t\t\t<p class=\"rs-p-wp-fix\"><\/p>\n\t\t\t\t<sr7-module data-alias=\"home-slide\" data-id=\"1\" id=\"SR7_1_1\" class=\"rs-ov-hidden\" data-version=\"6.7.41\">\n\t\t\t\t\t<sr7-adjuster><\/sr7-adjuster>\n\t\t\t\t\t<sr7-content>\n\t\t\t\t\t\t<sr7-slide id=\"SR7_1_1-3\" data-key=\"3\">\n\t\t\t\t\t\t\t<sr7-bg id=\"SR7_1_1-3-2\" class=\"sr7-layer\"><noscript><img decoding=\"async\" src=\"https:\/\/thinkgreentechnologies.ch\/wp-content\/uploads\/2024\/06\/thinkgreen-technologies-water-headweb.jpg\" alt=\"\" title=\"thinkgreen-technologies-water-headweb\"><\/noscript><\/sr7-bg>\n\t\t\t\t\t\t\t<sr7-txt id=\"SR7_1_1-3-0\" class=\"sr7-layer\">Everything starts with water<\/sr7-txt>\n\t\t\t\t\t\t\t<a id=\"SR7_1_1-3-1\" class=\"sr7-layer\" href=\"#\" target=\"_self\">Scopri perch\u00e8 siamo unici<\/a>\n\t\t\t\t\t\t<\/sr7-slide>\n\t\t\t\t\t\t<sr7-slide id=\"SR7_1_1-1\" data-key=\"1\">\n\t\t\t\t\t\t\t<sr7-bg id=\"SR7_1_1-1-1\" class=\"sr7-layer\"><noscript><img decoding=\"async\" src=\"https:\/\/thinkgreentechnologies.ch\/wp-content\/uploads\/2024\/06\/thinkgreen-technologies-Green-focus-headweb.jpg\" alt=\"\" title=\"green focus\"><\/noscript><\/sr7-bg>\n\t\t\t\t\t\t<\/sr7-slide>\n\t\t\t\t\t\t<sr7-slide id=\"SR7_1_1-4\" data-key=\"4\">\n\t\t\t\t\t\t\t<sr7-bg id=\"SR7_1_1-4-1\" class=\"sr7-layer\"><noscript><img decoding=\"async\" src=\"https:\/\/thinkgreentechnologies.ch\/wp-content\/uploads\/2024\/06\/thinkgreen-technologies-innovazione2-headweb.jpg\" alt=\"\" title=\"thinkgreen-technologies-innovazione2-headweb\"><\/noscript><\/sr7-bg>\n\t\t\t\t\t\t<\/sr7-slide>\n\t\t\t\t\t\t<sr7-slide id=\"SR7_1_1-2\" data-key=\"2\">\n\t\t\t\t\t\t<\/sr7-slide>\n\t\t\t\t\t<\/sr7-content>\n\t\t\t\t\t<image_lists style=\"display:none\">\n\t\t\t\t\t\t<img data-src=\"\/\/thinkgreentechnologies.ch\/wp-content\/uploads\/2024\/06\/thinkgreen-technologies-Green-focus-headweb.jpg\" data-libid=\"31\" data-lib=\"medialibrary\" title=\"green focus\" width=\"0\" height=\"0\" data-dbsrc=\"Ly90aGlua2dyZWVudGVjaG5vbG9naWVzLmNoL3dwLWNvbnRlbnQvdXBsb2Fkcy8yMDI0LzA2L3RoaW5rZ3JlZW4tdGVjaG5vbG9naWVzLUdyZWVuLWZvY3VzLWhlYWR3ZWIuanBn\"\/>\n\t\t\t\t\t\t<img data-src=\"\/\/thinkgreentechnologies.ch\/wp-content\/uploads\/2024\/06\/thinkgreen-technologies-water-headweb.jpg\" data-libid=\"32\" data-lib=\"medialibrary\" title=\"thinkgreen-technologies-water-headweb\" width=\"0\" height=\"0\" data-dbsrc=\"Ly90aGlua2dyZWVudGVjaG5vbG9naWVzLmNoL3dwLWNvbnRlbnQvdXBsb2Fkcy8yMDI0LzA2L3RoaW5rZ3JlZW4tdGVjaG5vbG9naWVzLXdhdGVyLWhlYWR3ZWIuanBn\"\/>\n\t\t\t\t\t\t<img data-src=\"\/\/thinkgreentechnologies.ch\/wp-content\/uploads\/2024\/06\/thinkgreen-technologies-innovazione2-headweb.jpg\" data-libid=\"33\" data-lib=\"medialibrary\" title=\"thinkgreen-technologies-innovazione2-headweb\" width=\"0\" height=\"0\" data-dbsrc=\"Ly90aGlua2dyZWVudGVjaG5vbG9naWVzLmNoL3dwLWNvbnRlbnQvdXBsb2Fkcy8yMDI0LzA2L3RoaW5rZ3JlZW4tdGVjaG5vbG9naWVzLWlubm92YXppb25lMi1oZWFkd2ViLmpwZw==\"\/>\n\t\t\t\t\t<\/image_lists>\n\t\t\t\t<\/sr7-module>\n\t\t\t\t<script>\n\t\t\t\t\tSR7.PMH ??={}; SR7.PMH[\"SR7_1_1\"] = {cn:100,state:false,fn: function() { if (_tpt!==undefined && _tpt.prepareModuleHeight !== undefined) {  _tpt.prepareModuleHeight({id:\"SR7_1_1\",el:[900,900,768,960,720],type:'standard',shdw:'0',gh:[900,900,480,365,225],gw:[1920,1920,1024,778,480],vpt:['100px'],size:{fullWidth:true, fullHeight:false},mh:'0',onh:0,onw:0,bg:{color:'{\"orig\":\"transparent\",\"type\":\"solid\",\"string\":\"transparent\"}'}});   SR7.PMH[\"SR7_1_1\"].state=true;} else if(SR7.PMH[\"SR7_1_1\"].cn-->0)\tsetTimeout( SR7.PMH[\"SR7_1_1\"].fn,19);}};SR7.PMH[\"SR7_1_1\" ].fn();\n\t\t\t\t<\/script>\n<\/div><\/div><\/div><\/div><\/section><section class=\"l-section wpb_row us_custom_c70c97eb height_small width_full\"><div class=\"l-section-h i-cf\"><div class=\"g-cols vc_row via_grid cols_1 laptops-cols_inherit tablets-cols_inherit mobiles-cols_1 valign_middle type_default stacking_default\"><div class=\"wpb_column vc_column_container us_custom_2c45f91b\"><div class=\"vc_column-inner\"><div class=\"wpb_text_column\"><div class=\"wpb_wrapper\"><h4 style=\"text-align: center;\"><strong><span>M\u00eame si, parfois, cela semble impossible, nous le faisons.<\/span><\/strong><\/h4>\n<\/div><\/div><\/div><\/div><\/div><\/div><\/section><section class=\"l-section wpb_row height_small\"><div class=\"l-section-h i-cf\"><div class=\"g-cols vc_row via_grid cols_1-2 laptops-cols_inherit tablets-cols_inherit mobiles-cols_1 valign_top type_default stacking_default\"><div class=\"wpb_column vc_column_container type_sticky\"><div class=\"vc_column-inner\"><div class=\"w-separator size_small\"><\/div><div class=\"wpb_text_column us_custom_46845caf us_animate_this\"><div class=\"wpb_wrapper\"><h3>La technologie disAqua\u00ae r\u00e9sout, gr\u00e2ce \u00e0 des applications simples, tous les probl\u00e8mes d\u2019humidit\u00e9 des murs, des moisissures aux remont\u00e9es capillaires, en passant par les pollutions dues aux eaux us\u00e9es. Elle remet la ma\u00e7onnerie dans un \u00e9tat id\u00e9al de respiration et de bien-\u00eatre int\u00e9rieur. <\/h3>\n<\/div><\/div><div class=\"w-separator size_small\"><\/div><div class=\"w-image align_none\"><div class=\"w-image-h\"><img decoding=\"async\" width=\"800\" height=\"533\" src=\"https:\/\/thinkgreentechnologies.ch\/wp-content\/uploads\/2026\/02\/DisAqua-Logo-2026-1.jpeg\" class=\"attachment-large size-large\" alt=\"\" loading=\"lazy\" srcset=\"https:\/\/thinkgreentechnologies.ch\/wp-content\/uploads\/2026\/02\/DisAqua-Logo-2026-1.jpeg 800w, https:\/\/thinkgreentechnologies.ch\/wp-content\/uploads\/2026\/02\/DisAqua-Logo-2026-1-300x200.jpeg 300w\" sizes=\"auto, (max-width: 800px) 100vw, 800px\" \/><\/div><\/div><div class=\"w-separator size_small\"><\/div><\/div><\/div><div class=\"wpb_column vc_column_container us_custom_2c45f91b\"><div class=\"vc_column-inner\"><div class=\"w-separator size_small\"><\/div><div class=\"wpb_text_column\"><div class=\"wpb_wrapper\"><p><strong>disAqua\u00ae est le revitalisant mural de nouvelle g\u00e9n\u00e9ration aux performances uniques au monde.<\/strong><\/p>\n<p>disAqua\u00ae \u00e9volue. Du traitement de l\u2019humidit\u00e9 ascensionnelle \u00e0 la gestion avanc\u00e9e des sels hygroscopiques, le produit int\u00e8gre aujourd\u2019hui des capacit\u00e9s suppl\u00e9mentaires de restauration, bas\u00e9es sur une technologie encore plus efficace sur les mat\u00e9riaux contamin\u00e9s par les inondations et les infiltrations. <\/p>\n<p><strong>Les avantages traditionnels<\/strong><\/p>\n<ul>\n<li>Il bloque l\u2019humidit\u00e9 \u00e0 la source, r\u00e9duisant drastiquement les remont\u00e9es capillaires.<\/li>\n<li>Il neutralise les sels hygroscopiques (nitrates, chlorures, sulfates) qui attirent l\u2019eau et provoquent des efflorescences.<\/li>\n<li>Il stabilise chimiquement la ma\u00e7onnerie, am\u00e9liorant l\u2019adh\u00e9rence des enduits ult\u00e9rieurs.<\/li>\n<li>Il r\u00e9duit les moisissures gr\u00e2ce \u00e0 la d\u00e9shydratation profonde du mat\u00e9riau.<\/li>\n<\/ul>\n<p><strong>Les nouvelles donn\u00e9es techniques<\/strong><\/p>\n<p>Gr\u00e2ce aux analyses approfondies r\u00e9alis\u00e9es sur les r\u00e9actions entre disAqua\u00ae et les murs endommag\u00e9s par une humidit\u00e9 s\u00e9v\u00e8re ou par des eaux us\u00e9es contamin\u00e9es, il offre\u202f:<\/p>\n<ul>\n<li>D\u00e9shydratation acc\u00e9l\u00e9r\u00e9e des moisissures, champignons et bact\u00e9ries, avec une forte r\u00e9duction de la charge microbiologique.<\/li>\n<li>Neutralisation des sels r\u00e9siduels m\u00eame dans les murs extr\u00eamement endommag\u00e9s.<\/li>\n<li>Am\u00e9lioration du microenvironnement poreux, avec augmentation de la porosit\u00e9 libre et meilleure respirabilit\u00e9 des mat\u00e9riaux.<\/li>\n<li>R\u00e9duction naturelle du radon pi\u00e9g\u00e9 dans les pores satur\u00e9s d\u2019eau\u202f: disAqua\u00ae, en \u00e9liminant l\u2019humidit\u00e9 et en stabilisant les sels pi\u00e9g\u00e9s, cr\u00e9e des voies pr\u00e9f\u00e9rentielles de d\u00e9gazage qui facilitent la migration du radon vers l\u2019ext\u00e9rieur. Aucune chimie agressive n\u2019est utilis\u00e9e, seulement la physique des mat\u00e9riaux. <\/li>\n<\/ul>\n<p><strong>Le r\u00e9sultat final<\/strong><\/p>\n<ul>\n<li>Murs secs, stables et s\u00fbrs.<\/li>\n<li>Environnements plus sains gr\u00e2ce \u00e0 la r\u00e9duction des agents pathog\u00e8nes et du radon.<\/li>\n<li>Performances am\u00e9lior\u00e9es sur les b\u00e2timents historiques et sur les structures touch\u00e9es par des \u00e9v\u00e9nements climatiques extr\u00eames.<\/li>\n<li>Une restauration qui ne se contente pas de masquer les probl\u00e8mes, mais les r\u00e9sout \u00e0 la source.<\/li>\n<\/ul>\n<p>disAqua\u00ae \u2013 La restauration murale qui change les r\u00e8gles du jeu<\/p>\n<p><strong>Il bloque l\u2019humidit\u00e9, neutralise les sels, r\u00e9g\u00e9n\u00e8re la ma\u00e7onnerie.<\/strong><\/p>\n<p>disAqua\u00ae est la solution professionnelle pour la restauration en profondeur des murs humides endommag\u00e9s par les remont\u00e9es capillaires, les infiltrations ou les inondations.<br \/>\n<span> <\/span>Il agit en profondeur, stabilise les mat\u00e9riaux et r\u00e9tablit la salubrit\u00e9 des espaces, sans interventions invasives.<\/p>\n<p>&nbsp;<\/p>\n<p>La technologie disAqua\u00ae\u202f: pourquoi elle fonctionne<\/p>\n<ol>\n<li><strong> Arr\u00eat de l\u2019humidit\u00e9 ascensionnelle<\/strong><\/li>\n<\/ol>\n<p>Elle g\u00e9n\u00e8re une action capillaire qui interrompt la remont\u00e9e d\u2019eau et r\u00e9duit drastiquement la teneur en humidit\u00e9 libre dans les mat\u00e9riaux de construction.<\/p>\n<ol start=\"2\">\n<li><strong> D\u00e9sactivation des sels hygroscopiques<\/strong><\/li>\n<\/ol>\n<p>Nitrates, chlorures, sulfates\u202f: disAqua\u00ae en modifie la structure en annulant leur hygroscopicit\u00e9 typique et emp\u00eache l\u2019attraction de l\u2019eau, la formation d\u2019efflorescences et la d\u00e9gradation des enduits.<\/p>\n<ol start=\"3\">\n<li><strong> Stabilisation de la ma\u00e7onnerie<\/strong><\/li>\n<\/ol>\n<p>Les r\u00e9actions internes avec les composants min\u00e9raux am\u00e9liorent la coh\u00e9sion et rendent l\u2019application ult\u00e9rieure des enduits plus fiable.<\/p>\n<p>&nbsp;<\/p>\n<p><strong>Les nouvelles capacit\u00e9s de restauration<\/strong><\/p>\n<p>Gr\u00e2ce aux \u00e9tudes les plus r\u00e9centes sur la dynamique des mat\u00e9riaux humides et contamin\u00e9s, disAqua\u00ae offre aujourd\u2019hui des performances renforc\u00e9es\u202f:<\/p>\n<ol start=\"4\">\n<li><strong> D\u00e9contamination apr\u00e8s inondation<\/strong><\/li>\n<\/ol>\n<p>Il d\u00e9shydrate les moisissures, champignons et bact\u00e9ries (apport\u00e9s par les eaux us\u00e9es), r\u00e9duisant la charge microbiologique dans les murs.<\/p>\n<ol start=\"5\">\n<li><strong> R\u00e9duction du radon pi\u00e9g\u00e9<\/strong><\/li>\n<\/ol>\n<p>En \u00e9liminant l\u2019humidit\u00e9 des pores et en stabilisant les sels pi\u00e9g\u00e9s, disAqua\u00ae favorise la d\u00e9gazification naturelle du radon pr\u00e9sent dans les murs satur\u00e9s.<\/p>\n<ol start=\"6\">\n<li><strong> Am\u00e9lioration de la respirabilit\u00e9<\/strong><\/li>\n<\/ol>\n<p>La restructuration du microenvironnement poreux permet aux mat\u00e9riaux de mieux respirer, acc\u00e9l\u00e9rant le s\u00e9chage et pr\u00e9venant la r\u00e9apparition du probl\u00e8me.<\/p>\n<p>&nbsp;<\/p>\n<p><strong>Le r\u00e9sultat\u202f: des espaces secs, sains et prot\u00e9g\u00e9s<\/strong><\/p>\n<ul>\n<li>Murs r\u00e9g\u00e9n\u00e9r\u00e9s et plus stables.<\/li>\n<li>S\u00e9curit\u00e9 accrue contre les moisissures, les odeurs et les polluants.<\/li>\n<li>Concentration r\u00e9duite de radon dans les murs pr\u00e9c\u00e9demment humides.<\/li>\n<li>Restauration id\u00e9ale pour les b\u00e2timents historiques, les habitations priv\u00e9es et les immeubles apr\u00e8s inondation.<\/li>\n<\/ul>\n<p>&nbsp;<\/p>\n<p><strong>Une intervention rapide, efficace et durable<\/strong><\/p>\n<p>disAqua\u00ae est une solution \u00e0 faible impact, ne n\u00e9cessitant aucune d\u00e9molition et n\u2019utilisant pas de produits chimiques agressifs, inodore et non tachante. Son application est facile gr\u00e2ce \u00e0 l\u2019usage du pinceau et s\u00fbre m\u00eame dans les espaces occup\u00e9s.<br \/>\n<span> <\/span>Il est con\u00e7u pour durer dans le temps.<\/p>\n<p>&nbsp;<\/p>\n<p><strong>Nouvelle fonctionnalit\u00e9 diagnostique\u202f: d\u00e9tection des infiltrations<\/strong><br \/>\n<span> <\/span><br \/>\n<span> <\/span>Lors de l\u2019application, disAqua\u00ae permet de remonter avec pr\u00e9cision \u00e0 la source de l\u2019eau infiltr\u00e9e, facilitant le diagnostic technique m\u00eame dans des cas complexes tels que\u202f:<\/p>\n<ul>\n<li>infiltrations provenant de points \u00e9loign\u00e9s,<\/li>\n<li>fuites occultes,<\/li>\n<li>parcours non lin\u00e9aires de l\u2019eau,<\/li>\n<li>faux pentes induisant des erreurs lors de l\u2019inspection traditionnelle.<\/li>\n<\/ul>\n<p>Il offre un soutien concret aux concepteurs, entreprises et techniciens qui ont besoin de certitude dans le diagnostic et d\u2019une planification r\u00e9aliste de l\u2019intervention.<\/p>\n<p>Pour des informations techniques, des fiches et des applications professionnelles, veuillez consulter le site web\u202f:<br \/><a href=\"https:\/\/www.disaqua.com\/\">www.disaqua.com<\/a><\/p>\n<\/div><\/div><div class=\"w-separator size_small\"><\/div><\/div><\/div><\/div><\/div><\/section><section class=\"l-section wpb_row us_custom_7b59e5f5 height_small width_full\"><div class=\"l-section-h i-cf\"><div class=\"g-cols vc_row via_grid cols_1 laptops-cols_inherit tablets-cols_inherit mobiles-cols_1 valign_middle type_default stacking_default\"><div class=\"wpb_column vc_column_container us_custom_2c45f91b\"><div class=\"vc_column-inner\"><div class=\"wpb_text_column us_custom_e1ac95b1 has_text_color\"><div class=\"wpb_wrapper\"><h4 style=\"text-align: center;\">Nous avons d\u00e9velopp\u00e9 un produit hautement efficace et s\u00fbr pour la restauration des murs humides et affect\u00e9s par les moisissures, les remont\u00e9es capillaires et la pollution par les eaux us\u00e9es. C\u2019est un produit liquide, inodore, non toxique, facile \u00e0 appliquer, non polluant et s\u00fbr. <\/h4>\n<\/div><\/div><\/div><\/div><\/div><\/div><\/section><section class=\"l-section wpb_row us_custom_9777efc1 height_auto width_full with_img parallax_ver parallaxdir_reversed\"><div class=\"l-section-img\" role=\"img\" aria-label=\"Image\" data-img-width=\"1920\" data-img-height=\"1319\" style=\"background-image: url(https:\/\/thinkgreentechnologies.ch\/wp-content\/uploads\/2024\/06\/thinkgreen-technologies-acqua-hi-tech-web.jpg);background-repeat: no-repeat;\"><\/div><div class=\"l-section-h i-cf\"><div class=\"g-cols vc_row via_grid cols_1 laptops-cols_inherit tablets-cols_inherit mobiles-cols_1 valign_middle type_default stacking_default\"><div class=\"wpb_column vc_column_container us_custom_2c45f91b\"><div class=\"vc_column-inner\"><\/div><\/div><\/div><\/div><\/section><section class=\"l-section wpb_row us_custom_2e3404c6 has_text_color height_small width_full\"><div class=\"l-section-h i-cf\"><div class=\"g-cols vc_row via_grid cols_1 laptops-cols_inherit tablets-cols_inherit mobiles-cols_1 valign_middle type_default stacking_default\"><div class=\"wpb_column vc_column_container us_custom_2c45f91b\"><div class=\"vc_column-inner\"><div class=\"wpb_text_column us_custom_e1ac95b1 has_text_color\"><div class=\"wpb_wrapper\"><h2 style=\"text-align: center;\"><span style=\"color: #ffffff;\">Quels sont les domaines d\u2019application de notre produit\u202f?<\/span><\/h2>\n<\/div><\/div><\/div><\/div><\/div><\/div><\/section><section class=\"l-section wpb_row us_custom_2e3404c6 has_text_color height_small width_full color_footer-top\"><div class=\"l-section-h i-cf\"><div class=\"g-cols vc_row via_grid cols_1 laptops-cols_inherit tablets-cols_inherit mobiles-cols_1 valign_middle type_default stacking_default\"><div class=\"wpb_column vc_column_container us_custom_2c45f91b\"><div class=\"vc_column-inner\"><div class=\"wpb_text_column us_custom_e1ac95b1 has_text_color\"><div class=\"wpb_wrapper\"><h3 style=\"text-align: center;\">Pour des informations techniques, des fiches et des applications professionnelles, veuillez consulter le site web\u202f:<br \/> <a href=\"https:\/\/www.disaqua.com\/\">www.disaqua.com<\/a><\/h3>\n<\/div><\/div><\/div><\/div><\/div><\/div><\/section><section class=\"l-section wpb_row us_custom_057801f8 height_medium\"><div class=\"l-section-h i-cf\"><div class=\"g-cols vc_row via_grid cols_1 laptops-cols_inherit tablets-cols_inherit mobiles-cols_1 valign_middle type_default stacking_default\"><div class=\"wpb_column vc_column_container us_custom_2c45f91b\"><div class=\"vc_column-inner\"><div class=\"wpb_text_column us_custom_eb849559\"><div class=\"wpb_wrapper\"><h2><strong data-start=\"401\" data-end=\"421\">Vous avez un projet\u202f?<\/strong><br data-start=\"421\" data-end=\"424\"><strong data-start=\"424\" data-end=\"469\">Parlons-en et faites cro\u00eetre votre activit\u00e9<\/strong><\/h2>\n<p>Nous sommes pr\u00eats \u00e0 vous aider. Un de nos experts est l\u00e0 pour vous\u202f: envoyez-nous un message<\/p>\n<\/div><\/div><div class=\"w-separator size_small\"><\/div><div class=\"w-btn-wrapper align_center\"><a class=\"w-btn us-btn-style_1\" href=\"https:\/\/thinkgreentechnologies.ch\/contatti\/\"><span class=\"w-btn-label\">Contactez-nous<\/span><\/a><\/div><div class=\"w-separator size_medium\"><\/div><\/div><\/div><\/div><\/div><\/section><div class=\"wpb_column vc_column_container us_custom_2c45f91b\"><div class=\"vc_column-inner\"><\/div><\/div>\n","protected":false},"excerpt":{"rendered":"Everything starts with water Scopri perch\u00e8 siamo unici M\u00eame si, parfois, cela semble impossible, nous le faisons. La technologie disAqua\u00ae r\u00e9sout, gr\u00e2ce \u00e0 des applications simples, tous les probl\u00e8mes d\u2019humidit\u00e9 des murs, des moisissures aux remont\u00e9es capillaires, en passant par les pollutions dues aux eaux us\u00e9es. Elle remet la ma\u00e7onnerie dans un \u00e9tat id\u00e9al de...","protected":false},"author":4,"featured_media":0,"parent":0,"menu_order":0,"comment_status":"closed","ping_status":"closed","template":"","meta":{"footnotes":""},"class_list":["post-1304","page","type-page","status-publish","hentry"],"yoast_head":"<!-- This site is optimized with the Yoast SEO plugin v27.4 - https:\/\/yoast.com\/product\/yoast-seo-wordpress\/ -->\n<title>disAqua, le revitalisant sans compromis - Think Green Technologies<\/title>\n<meta name=\"robots\" content=\"index, follow, max-snippet:-1, max-image-preview:large, max-video-preview:-1\" \/>\n<link rel=\"canonical\" href=\"https:\/\/thinkgreentechnologies.ch\/fr\/disaqua-le-revitalisant-sans-compromis\/\" \/>\n<meta property=\"og:locale\" content=\"fr_FR\" \/>\n<meta property=\"og:type\" content=\"article\" \/>\n<meta property=\"og:title\" content=\"disAqua, le revitalisant sans compromis - Think Green Technologies\" \/>\n<meta property=\"og:url\" content=\"https:\/\/thinkgreentechnologies.ch\/fr\/disaqua-le-revitalisant-sans-compromis\/\" \/>\n<meta property=\"og:site_name\" content=\"Think Green Technologies\" \/>\n<meta property=\"article:modified_time\" content=\"2026-02-11T16:44:44+00:00\" \/>\n<meta name=\"twitter:card\" content=\"summary_large_image\" \/>\n<meta name=\"twitter:label1\" content=\"Dur\u00e9e de lecture estim\u00e9e\" \/>\n\t<meta name=\"twitter:data1\" content=\"8 minutes\" \/>\n<script type=\"application\/ld+json\" class=\"yoast-schema-graph\">{\"@context\":\"https:\\\/\\\/schema.org\",\"@graph\":[{\"@type\":\"WebPage\",\"@id\":\"https:\\\/\\\/thinkgreentechnologies.ch\\\/fr\\\/disaqua-le-revitalisant-sans-compromis\\\/\",\"url\":\"https:\\\/\\\/thinkgreentechnologies.ch\\\/fr\\\/disaqua-le-revitalisant-sans-compromis\\\/\",\"name\":\"disAqua, le revitalisant sans compromis - Think Green Technologies\",\"isPartOf\":{\"@id\":\"https:\\\/\\\/thinkgreentechnologies.ch\\\/fr\\\/#website\"},\"datePublished\":\"2025-12-12T14:23:56+00:00\",\"dateModified\":\"2026-02-11T16:44:44+00:00\",\"breadcrumb\":{\"@id\":\"https:\\\/\\\/thinkgreentechnologies.ch\\\/fr\\\/disaqua-le-revitalisant-sans-compromis\\\/#breadcrumb\"},\"inLanguage\":\"fr-FR\",\"potentialAction\":[{\"@type\":\"ReadAction\",\"target\":[\"https:\\\/\\\/thinkgreentechnologies.ch\\\/fr\\\/disaqua-le-revitalisant-sans-compromis\\\/\"]}]},{\"@type\":\"BreadcrumbList\",\"@id\":\"https:\\\/\\\/thinkgreentechnologies.ch\\\/fr\\\/disaqua-le-revitalisant-sans-compromis\\\/#breadcrumb\",\"itemListElement\":[{\"@type\":\"ListItem\",\"position\":1,\"name\":\"Home\",\"item\":\"https:\\\/\\\/thinkgreentechnologies.ch\\\/fr\\\/\"},{\"@type\":\"ListItem\",\"position\":2,\"name\":\"disAqua, le revitalisant sans compromis\"}]},{\"@type\":\"WebSite\",\"@id\":\"https:\\\/\\\/thinkgreentechnologies.ch\\\/fr\\\/#website\",\"url\":\"https:\\\/\\\/thinkgreentechnologies.ch\\\/fr\\\/\",\"name\":\"Think Green Technologies\",\"description\":\"\",\"potentialAction\":[{\"@type\":\"SearchAction\",\"target\":{\"@type\":\"EntryPoint\",\"urlTemplate\":\"https:\\\/\\\/thinkgreentechnologies.ch\\\/fr\\\/?s={search_term_string}\"},\"query-input\":{\"@type\":\"PropertyValueSpecification\",\"valueRequired\":true,\"valueName\":\"search_term_string\"}}],\"inLanguage\":\"fr-FR\"}]}<\/script>\n<!-- \/ Yoast SEO plugin. -->","yoast_head_json":{"title":"disAqua, le revitalisant sans compromis - Think Green Technologies","robots":{"index":"index","follow":"follow","max-snippet":"max-snippet:-1","max-image-preview":"max-image-preview:large","max-video-preview":"max-video-preview:-1"},"canonical":"https:\/\/thinkgreentechnologies.ch\/fr\/disaqua-le-revitalisant-sans-compromis\/","og_locale":"fr_FR","og_type":"article","og_title":"disAqua, le revitalisant sans compromis - Think Green Technologies","og_url":"https:\/\/thinkgreentechnologies.ch\/fr\/disaqua-le-revitalisant-sans-compromis\/","og_site_name":"Think Green Technologies","article_modified_time":"2026-02-11T16:44:44+00:00","twitter_card":"summary_large_image","twitter_misc":{"Dur\u00e9e de lecture estim\u00e9e":"8 minutes"},"schema":{"@context":"https:\/\/schema.org","@graph":[{"@type":"WebPage","@id":"https:\/\/thinkgreentechnologies.ch\/fr\/disaqua-le-revitalisant-sans-compromis\/","url":"https:\/\/thinkgreentechnologies.ch\/fr\/disaqua-le-revitalisant-sans-compromis\/","name":"disAqua, le revitalisant sans compromis - Think Green Technologies","isPartOf":{"@id":"https:\/\/thinkgreentechnologies.ch\/fr\/#website"},"datePublished":"2025-12-12T14:23:56+00:00","dateModified":"2026-02-11T16:44:44+00:00","breadcrumb":{"@id":"https:\/\/thinkgreentechnologies.ch\/fr\/disaqua-le-revitalisant-sans-compromis\/#breadcrumb"},"inLanguage":"fr-FR","potentialAction":[{"@type":"ReadAction","target":["https:\/\/thinkgreentechnologies.ch\/fr\/disaqua-le-revitalisant-sans-compromis\/"]}]},{"@type":"BreadcrumbList","@id":"https:\/\/thinkgreentechnologies.ch\/fr\/disaqua-le-revitalisant-sans-compromis\/#breadcrumb","itemListElement":[{"@type":"ListItem","position":1,"name":"Home","item":"https:\/\/thinkgreentechnologies.ch\/fr\/"},{"@type":"ListItem","position":2,"name":"disAqua, le revitalisant sans compromis"}]},{"@type":"WebSite","@id":"https:\/\/thinkgreentechnologies.ch\/fr\/#website","url":"https:\/\/thinkgreentechnologies.ch\/fr\/","name":"Think Green Technologies","description":"","potentialAction":[{"@type":"SearchAction","target":{"@type":"EntryPoint","urlTemplate":"https:\/\/thinkgreentechnologies.ch\/fr\/?s={search_term_string}"},"query-input":{"@type":"PropertyValueSpecification","valueRequired":true,"valueName":"search_term_string"}}],"inLanguage":"fr-FR"}]}},"_links":{"self":[{"href":"https:\/\/thinkgreentechnologies.ch\/fr\/wp-json\/wp\/v2\/pages\/1304","targetHints":{"allow":["GET"]}}],"collection":[{"href":"https:\/\/thinkgreentechnologies.ch\/fr\/wp-json\/wp\/v2\/pages"}],"about":[{"href":"https:\/\/thinkgreentechnologies.ch\/fr\/wp-json\/wp\/v2\/types\/page"}],"author":[{"embeddable":true,"href":"https:\/\/thinkgreentechnologies.ch\/fr\/wp-json\/wp\/v2\/users\/4"}],"replies":[{"embeddable":true,"href":"https:\/\/thinkgreentechnologies.ch\/fr\/wp-json\/wp\/v2\/comments?post=1304"}],"version-history":[{"count":6,"href":"https:\/\/thinkgreentechnologies.ch\/fr\/wp-json\/wp\/v2\/pages\/1304\/revisions"}],"predecessor-version":[{"id":1388,"href":"https:\/\/thinkgreentechnologies.ch\/fr\/wp-json\/wp\/v2\/pages\/1304\/revisions\/1388"}],"wp:attachment":[{"href":"https:\/\/thinkgreentechnologies.ch\/fr\/wp-json\/wp\/v2\/media?parent=1304"}],"curies":[{"name":"wp","href":"https:\/\/api.w.org\/{rel}","templated":true}]}}